{"id":18,"date":"2021-10-19T20:10:55","date_gmt":"2021-10-19T18:10:55","guid":{"rendered":"https:\/\/brasseriedesroches.fr\/?page_id=18"},"modified":"2025-01-04T16:23:09","modified_gmt":"2025-01-04T15:23:09","slug":"blonde-ale-3770018503004","status":"publish","type":"page","link":"https:\/\/brasseriedesroches.fr\/?page_id=18","title":{"rendered":"LA BELLE ROCHE"},"content":{"rendered":"\n<div class=\"wp-block-columns is-layout-flex wp-container-core-columns-is-layout-2 wp-block-columns-is-layout-flex\">\n<div class=\"wp-block-column is-layout-flow wp-block-column-is-layout-flow\" style=\"flex-basis:100%\">\n<div class=\"wp-block-columns is-layout-flex wp-container-core-columns-is-layout-1 wp-block-columns-is-layout-flex\">\n<div class=\"wp-block-column is-vertically-aligned-bottom is-layout-flow wp-block-column-is-layout-flow\">\n<h1 class=\"wp-block-heading has-medium-font-size\"><strong>BLANCHE<\/strong><\/h1>\n\n\n\n<p>Bi\u00e8re au malt d&rsquo;orge et de bl\u00e9, haute fermentation, l\u00e9g\u00e8re notes d&rsquo;agrumes.<\/p>\n<\/div>\n\n\n\n<div class=\"wp-block-column is-vertically-aligned-center is-layout-flow wp-block-column-is-layout-flow\">\n<figure class=\"wp-block-image size-large\"><img loading=\"lazy\" decoding=\"async\" width=\"768\" height=\"1024\" src=\"https:\/\/brasseriedesroches.fr\/wp-content\/uploads\/2021\/12\/IMG_0456-1-768x1024.jpg\" alt=\"\" class=\"wp-image-119\" srcset=\"https:\/\/brasseriedesroches.fr\/wp-content\/uploads\/2021\/12\/IMG_0456-1-768x1024.jpg 768w, https:\/\/brasseriedesroches.fr\/wp-content\/uploads\/2021\/12\/IMG_0456-1-225x300.jpg 225w, https:\/\/brasseriedesroches.fr\/wp-content\/uploads\/2021\/12\/IMG_0456-1-1152x1536.jpg 1152w, https:\/\/brasseriedesroches.fr\/wp-content\/uploads\/2021\/12\/IMG_0456-1-1536x2048.jpg 1536w, https:\/\/brasseriedesroches.fr\/wp-content\/uploads\/2021\/12\/IMG_0456-1-scaled.jpg 1920w\" sizes=\"auto, (max-width: 767px) 89vw, (max-width: 1000px) 54vw, (max-width: 1071px) 543px, 580px\" \/><\/figure>\n<\/div>\n<\/div>\n<\/div>\n<\/div>\n\n\n\n<div class=\"wp-block-columns are-vertically-aligned-bottom is-layout-flex wp-container-core-columns-is-layout-3 wp-block-columns-is-layout-flex\">\n<div class=\"wp-block-column is-vertically-aligned-bottom is-layout-flow wp-block-column-is-layout-flow\">\n<h1 class=\"wp-block-heading has-medium-font-size\"><strong>BLONDE ALE<\/strong><\/h1>\n\n\n\n<p>Bi\u00e8re de type ale, haute fermentation, peu am\u00e8re et ronde en bouche.<\/p>\n<\/div>\n\n\n\n<div class=\"wp-block-column is-vertically-aligned-bottom is-layout-flow wp-block-column-is-layout-flow\">\n<figure class=\"wp-block-image size-large\"><img loading=\"lazy\" decoding=\"async\" width=\"768\" height=\"1024\" src=\"https:\/\/brasseriedesroches.fr\/wp-content\/uploads\/2021\/12\/IMG_0454-1-768x1024.jpg\" alt=\"\" class=\"wp-image-121\" srcset=\"https:\/\/brasseriedesroches.fr\/wp-content\/uploads\/2021\/12\/IMG_0454-1-768x1024.jpg 768w, https:\/\/brasseriedesroches.fr\/wp-content\/uploads\/2021\/12\/IMG_0454-1-225x300.jpg 225w, https:\/\/brasseriedesroches.fr\/wp-content\/uploads\/2021\/12\/IMG_0454-1-1152x1536.jpg 1152w, https:\/\/brasseriedesroches.fr\/wp-content\/uploads\/2021\/12\/IMG_0454-1-1536x2048.jpg 1536w, https:\/\/brasseriedesroches.fr\/wp-content\/uploads\/2021\/12\/IMG_0454-1-scaled.jpg 1920w\" sizes=\"auto, (max-width: 767px) 89vw, (max-width: 1000px) 54vw, (max-width: 1071px) 543px, 580px\" \/><\/figure>\n<\/div>\n<\/div>\n\n\n\n<div class=\"wp-block-columns is-layout-flex wp-container-core-columns-is-layout-6 wp-block-columns-is-layout-flex\">\n<div class=\"wp-block-column is-vertically-aligned-center is-layout-flow wp-block-column-is-layout-flow\" style=\"flex-basis:100%\">\n<div class=\"wp-block-group\"><div class=\"wp-block-group__inner-container is-layout-flow wp-block-group-is-layout-flow\">\n<div class=\"wp-block-columns is-layout-flex wp-container-core-columns-is-layout-5 wp-block-columns-is-layout-flex\">\n<div class=\"wp-block-column is-layout-flow wp-block-column-is-layout-flow\" style=\"flex-basis:100%\">\n<div class=\"wp-block-columns are-vertically-aligned-bottom is-layout-flex wp-container-core-columns-is-layout-4 wp-block-columns-is-layout-flex\">\n<div class=\"wp-block-column is-vertically-aligned-bottom is-layout-flow wp-block-column-is-layout-flow\">\n<h2 class=\"wp-block-heading has-medium-font-size\"><strong>AMBREE ALE<\/strong><\/h2>\n\n\n\n<p>Bi\u00e8re ambr\u00e9e, de type ale, haute fermentation, fruit\u00e9e et l\u00e9g\u00e8re.<\/p>\n<\/div>\n\n\n\n<div class=\"wp-block-column is-vertically-aligned-bottom is-layout-flow wp-block-column-is-layout-flow\">\n<figure class=\"wp-block-image size-large\"><img loading=\"lazy\" decoding=\"async\" width=\"768\" height=\"1024\" src=\"https:\/\/brasseriedesroches.fr\/wp-content\/uploads\/2021\/12\/IMG_0453-768x1024.jpg\" alt=\"\" class=\"wp-image-123\" srcset=\"https:\/\/brasseriedesroches.fr\/wp-content\/uploads\/2021\/12\/IMG_0453-768x1024.jpg 768w, https:\/\/brasseriedesroches.fr\/wp-content\/uploads\/2021\/12\/IMG_0453-225x300.jpg 225w, https:\/\/brasseriedesroches.fr\/wp-content\/uploads\/2021\/12\/IMG_0453-1152x1536.jpg 1152w, https:\/\/brasseriedesroches.fr\/wp-content\/uploads\/2021\/12\/IMG_0453-1536x2048.jpg 1536w, https:\/\/brasseriedesroches.fr\/wp-content\/uploads\/2021\/12\/IMG_0453-scaled.jpg 1920w\" sizes=\"auto, (max-width: 767px) 89vw, (max-width: 1000px) 54vw, (max-width: 1071px) 543px, 580px\" \/><\/figure>\n<\/div>\n<\/div>\n<\/div>\n<\/div>\n<\/div><\/div>\n<\/div>\n<\/div>\n\n\n\n<div class=\"wp-block-columns is-layout-flex wp-container-core-columns-is-layout-9 wp-block-columns-is-layout-flex\">\n<div class=\"wp-block-column is-layout-flow wp-block-column-is-layout-flow\" style=\"flex-basis:100%\">\n<div class=\"wp-block-columns is-layout-flex wp-container-core-columns-is-layout-8 wp-block-columns-is-layout-flex\">\n<div class=\"wp-block-column is-layout-flow wp-block-column-is-layout-flow\" style=\"flex-basis:100%\">\n<div class=\"wp-block-columns are-vertically-aligned-bottom is-layout-flex wp-container-core-columns-is-layout-7 wp-block-columns-is-layout-flex\">\n<div class=\"wp-block-column is-vertically-aligned-bottom is-layout-flow wp-block-column-is-layout-flow\">\n<h2 class=\"wp-block-heading has-medium-font-size\"><strong>BRUNE STOUT<\/strong><\/h2>\n\n\n\n<p>Bi\u00e8re haute fermentation, fa\u00e7on Stout.<\/p>\n<\/div>\n\n\n\n<div class=\"wp-block-column is-vertically-aligned-bottom is-layout-flow wp-block-column-is-layout-flow\">\n<figure class=\"wp-block-image size-large is-resized\"><img loading=\"lazy\" decoding=\"async\" width=\"768\" height=\"1024\" src=\"https:\/\/brasseriedesroches.fr\/wp-content\/uploads\/2021\/12\/IMG_0457-768x1024.jpg\" alt=\"\" class=\"wp-image-100\" style=\"width:264px;height:352px\" srcset=\"https:\/\/brasseriedesroches.fr\/wp-content\/uploads\/2021\/12\/IMG_0457-768x1024.jpg 768w, https:\/\/brasseriedesroches.fr\/wp-content\/uploads\/2021\/12\/IMG_0457-225x300.jpg 225w, https:\/\/brasseriedesroches.fr\/wp-content\/uploads\/2021\/12\/IMG_0457-1152x1536.jpg 1152w, https:\/\/brasseriedesroches.fr\/wp-content\/uploads\/2021\/12\/IMG_0457-1536x2048.jpg 1536w, https:\/\/brasseriedesroches.fr\/wp-content\/uploads\/2021\/12\/IMG_0457-scaled.jpg 1920w\" sizes=\"auto, (max-width: 767px) 89vw, (max-width: 1000px) 54vw, (max-width: 1071px) 543px, 580px\" \/><\/figure>\n<\/div>\n<\/div>\n<\/div>\n<\/div>\n<\/div>\n<\/div>\n\n\n\n<div class=\"wp-block-columns is-layout-flex wp-container-core-columns-is-layout-10 wp-block-columns-is-layout-flex\">\n<div class=\"wp-block-column is-vertically-aligned-bottom is-layout-flow wp-block-column-is-layout-flow\">\n<h2 class=\"wp-block-heading has-medium-font-size\"><strong>BIERE DE NOEL<\/strong><\/h2>\n\n\n\n<p>Bi\u00e8re \u00e0 l&rsquo;orange et aux \u00e9pices; gingembre, cannelle. <\/p>\n<\/div>\n\n\n\n<div class=\"wp-block-column is-layout-flow wp-block-column-is-layout-flow\">\n<figure class=\"wp-block-image size-large\"><img loading=\"lazy\" decoding=\"async\" width=\"1024\" height=\"1024\" src=\"https:\/\/brasseriedesroches.fr\/wp-content\/uploads\/2021\/12\/IMG_0448-2-1024x1024.jpg\" alt=\"\" class=\"wp-image-124\" srcset=\"https:\/\/brasseriedesroches.fr\/wp-content\/uploads\/2021\/12\/IMG_0448-2-1024x1024.jpg 1024w, https:\/\/brasseriedesroches.fr\/wp-content\/uploads\/2021\/12\/IMG_0448-2-300x300.jpg 300w, https:\/\/brasseriedesroches.fr\/wp-content\/uploads\/2021\/12\/IMG_0448-2-150x150.jpg 150w, https:\/\/brasseriedesroches.fr\/wp-content\/uploads\/2021\/12\/IMG_0448-2-768x768.jpg 768w, https:\/\/brasseriedesroches.fr\/wp-content\/uploads\/2021\/12\/IMG_0448-2-1536x1536.jpg 1536w, https:\/\/brasseriedesroches.fr\/wp-content\/uploads\/2021\/12\/IMG_0448-2-2048x2048.jpg 2048w, https:\/\/brasseriedesroches.fr\/wp-content\/uploads\/2021\/12\/IMG_0448-2-100x100.jpg 100w\" sizes=\"auto, (max-width: 767px) 89vw, (max-width: 1000px) 54vw, (max-width: 1071px) 543px, 580px\" \/><\/figure>\n<\/div>\n<\/div>\n","protected":false},"excerpt":{"rendered":"<p>BLANCHE Bi\u00e8re au malt d&rsquo;orge et de bl\u00e9, haute fermentation, l\u00e9g\u00e8re notes d&rsquo;agrumes. BLONDE ALE Bi\u00e8re de type ale, haute fermentation, peu am\u00e8re et ronde en bouche. AMBREE ALE Bi\u00e8re ambr\u00e9e, de type ale, haute fermentation, fruit\u00e9e et l\u00e9g\u00e8re. BRUNE STOUT Bi\u00e8re haute fermentation, fa\u00e7on Stout. BIERE DE NOEL Bi\u00e8re \u00e0 l&rsquo;orange et aux \u00e9pices; &hellip; <\/p>\n<p class=\"link-more\"><a href=\"https:\/\/brasseriedesroches.fr\/?page_id=18\" class=\"more-link\">Continuer la lecture<span class=\"screen-reader-text\"> de &laquo;&nbsp;LA BELLE ROCHE&nbsp;&raquo;<\/span><\/a><\/p>\n","protected":false},"author":1,"featured_media":0,"parent":0,"menu_order":0,"comment_status":"closed","ping_status":"closed","template":"","meta":{"footnotes":""},"class_list":["post-18","page","type-page","status-publish","hentry"],"_links":{"self":[{"href":"https:\/\/brasseriedesroches.fr\/index.php?rest_route=\/wp\/v2\/pages\/18","targetHints":{"allow":["GET"]}}],"collection":[{"href":"https:\/\/brasseriedesroches.fr\/index.php?rest_route=\/wp\/v2\/pages"}],"about":[{"href":"https:\/\/brasseriedesroches.fr\/index.php?rest_route=\/wp\/v2\/types\/page"}],"author":[{"embeddable":true,"href":"https:\/\/brasseriedesroches.fr\/index.php?rest_route=\/wp\/v2\/users\/1"}],"replies":[{"embeddable":true,"href":"https:\/\/brasseriedesroches.fr\/index.php?rest_route=%2Fwp%2Fv2%2Fcomments&post=18"}],"version-history":[{"count":35,"href":"https:\/\/brasseriedesroches.fr\/index.php?rest_route=\/wp\/v2\/pages\/18\/revisions"}],"predecessor-version":[{"id":177,"href":"https:\/\/brasseriedesroches.fr\/index.php?rest_route=\/wp\/v2\/pages\/18\/revisions\/177"}],"wp:attachment":[{"href":"https:\/\/brasseriedesroches.fr\/index.php?rest_route=%2Fwp%2Fv2%2Fmedia&parent=18"}],"curies":[{"name":"wp","href":"https:\/\/api.w.org\/{rel}","templated":true}]}}